{"id":688,"date":"2022-02-28T16:52:17","date_gmt":"2022-02-28T15:52:17","guid":{"rendered":"https:\/\/www.arttraktiv.de\/?page_id=688"},"modified":"2022-03-01T13:07:19","modified_gmt":"2022-03-01T12:07:19","slug":"unsere-standorte","status":"publish","type":"page","link":"https:\/\/www.arttraktiv.de\/en\/unsere-standorte\/","title":{"rendered":"Our locations"},"content":{"rendered":"<p><\/p>\n<h1>Beilsteiner Stra\u00dfe 121<\/h1>\n<p style=\"text-align: center;\"><img loading=\"lazy\" decoding=\"async\" class=\"size-full wp-image-697 aligncenter\" src=\"http:\/\/www.arttraktiv.de\/wp-content\/uploads\/2022\/02\/b121.jpg\" alt=\"\" width=\"640\" height=\"480\" srcset=\"https:\/\/www.arttraktiv.de\/wp-content\/uploads\/2022\/02\/b121.jpg 640w, https:\/\/www.arttraktiv.de\/wp-content\/uploads\/2022\/02\/b121-300x225.jpg 300w, https:\/\/www.arttraktiv.de\/wp-content\/uploads\/2022\/02\/b121-150x113.jpg 150w\" sizes=\"auto, (max-width: 640px) 100vw, 640px\" \/><\/p>\n<p>Since 2012, we have provided around 200 studios and rehearsal rooms, on nine floors, to musicians and other artists from all over the world. The house in Beilsteiner Str. 121 &#8211; ARTtraktiv Vol. 1 &#8211; has always fostered an atmosphere of creative freedom, here you can make music 24\/7 and exchange ideas with other artists from all genres. In addition to a friendly atmosphere, we give great importance to security with round-the-clock supervision and camera surveillance. In the house there are also snack and drink vending machines, an elevator, a shower, parking in front of the door as well as outdoor seating in the summer. Internet access can be booked flexibly at any time if required.<\/p>\n<p>Our \u201cPlatte\u201d, which is located in Marzahn, right on the border with Lichtenberg, can be quickly reached via S7 to &#8220;Springpfuhl&#8221; station and streetcar lines 27, 37, M5, M8 and M17 to &#8220;Beilsteiner Stra\u00dfe&#8221; station.<\/p>\n<p>Under <a href=\"\/proberaeume\">rent rehearsal room<\/a> you can find our room sizes and all conditions. <a href=\"\/kontakt\">Contact us now!<\/a><\/p>\n<h1><\/h1>\n<h1>Frank-Zappa-Stra\u00dfe 11<\/h1>\n<p><img loading=\"lazy\" decoding=\"async\" class=\"wp-image-566 aligncenter\" src=\"http:\/\/www.arttraktiv.de\/wp-content\/uploads\/2018\/05\/img_20180809_110108-1-1024x768.jpg\" alt=\"\" width=\"639\" height=\"479\" srcset=\"https:\/\/www.arttraktiv.de\/wp-content\/uploads\/2018\/05\/img_20180809_110108-1-1024x768.jpg 1024w, https:\/\/www.arttraktiv.de\/wp-content\/uploads\/2018\/05\/img_20180809_110108-1-300x225.jpg 300w, https:\/\/www.arttraktiv.de\/wp-content\/uploads\/2018\/05\/img_20180809_110108-1-768x576.jpg 768w, https:\/\/www.arttraktiv.de\/wp-content\/uploads\/2018\/05\/img_20180809_110108-1-150x113.jpg 150w, https:\/\/www.arttraktiv.de\/wp-content\/uploads\/2018\/05\/img_20180809_110108-1.jpg 1920w, https:\/\/www.arttraktiv.de\/wp-content\/uploads\/2018\/05\/img_20180809_110108-1-960x720.jpg 960w\" sizes=\"auto, (max-width: 639px) 100vw, 639px\" \/><\/p>\n<p>In 2018, we opened our second Music House &#8211; ARTtraktiv Vol. 2 &#8211; at Frank-Zappa-Str. 11, adjacent to Landsberger Allee, not far from our house on Beilsteiner Stra\u00dfe and with the ORWOhaus as neighbours. With the second location, we provide artists with an additional approx. 200 studios and rehearsal rooms on nine floors for their creative work. The building is monitored by cameras, has around-the-clock service, and has vending machines for drinks and snacks, an elevator, a shower, and a green outdoor area. Those who need Internet access can book it easily and flexibly.<\/p>\n<p>Located near the S-Bahn station Poelchaustra\u00dfe (S7) and the streetcar station &#8220;Dingelst\u00e4dter Stra\u00dfe&#8221; (16, 27, M6, M17), the building is easily accessible and yet far from residential areas. This makes it possible to be loud 24\/7 without being disturbed.<\/p>\n<p>Under <a href=\"\/proberaeume\">rent rehearsal room<\/a> you can find our room sizes and all conditions. <a href=\"\/kontakt\">Contact us now!<\/a><\/p>\n<p>&nbsp;<\/p>","protected":false},"excerpt":{"rendered":"<p>Beilsteiner Stra\u00dfe 121 Since 2012, we have provided around 200 studios and rehearsal rooms, on nine floors, to musicians and other artists from all over the world. The house in Beilsteiner Str. 121 &#8211; ARTtraktiv Vol. 1 &#8211; has always fostered an atmosphere of creative freedom, here you can make music 24\/7 and exchange ideas &hellip;<br \/><a href=\"https:\/\/www.arttraktiv.de\/en\/unsere-standorte\/\" class=\"more-link\">Read more<\/a><\/p>\n","protected":false},"author":2,"featured_media":0,"parent":0,"menu_order":0,"comment_status":"closed","ping_status":"closed","template":"","meta":{"footnotes":""},"class_list":["post-688","page","type-page","status-publish","hentry"],"_links":{"self":[{"href":"https:\/\/www.arttraktiv.de\/en\/wp-json\/wp\/v2\/pages\/688","targetHints":{"allow":["GET"]}}],"collection":[{"href":"https:\/\/www.arttraktiv.de\/en\/wp-json\/wp\/v2\/pages"}],"about":[{"href":"https:\/\/www.arttraktiv.de\/en\/wp-json\/wp\/v2\/types\/page"}],"author":[{"embeddable":true,"href":"https:\/\/www.arttraktiv.de\/en\/wp-json\/wp\/v2\/users\/2"}],"replies":[{"embeddable":true,"href":"https:\/\/www.arttraktiv.de\/en\/wp-json\/wp\/v2\/comments?post=688"}],"version-history":[{"count":17,"href":"https:\/\/www.arttraktiv.de\/en\/wp-json\/wp\/v2\/pages\/688\/revisions"}],"predecessor-version":[{"id":712,"href":"https:\/\/www.arttraktiv.de\/en\/wp-json\/wp\/v2\/pages\/688\/revisions\/712"}],"wp:attachment":[{"href":"https:\/\/www.arttraktiv.de\/en\/wp-json\/wp\/v2\/media?parent=688"}],"curies":[{"name":"wp","href":"https:\/\/api.w.org\/{rel}","templated":true}]}}